{"id":1482,"date":"2016-01-19T16:40:09","date_gmt":"2016-01-19T16:40:09","guid":{"rendered":"http:\/\/anpsthemes.com\/construction\/?page_id=1482"},"modified":"2025-05-21T19:08:40","modified_gmt":"2025-05-21T16:08:40","slug":"contact-us","status":"publish","type":"page","link":"https:\/\/www.berberoglusut.com.tr\/en\/contact-us\/","title":{"rendered":"CONTACT"},"content":{"rendered":"<div class=\"wpb-content-wrapper\"><p>[vc_row][vc_column width=&#8221;1\/3&#8243;][vc_column_text css=&#8221;&#8221;]<\/p>\n<p style=\"text-align: center;\"><strong>FACTORY &#8211; HEAD OFFICE<\/strong><\/p>\n<p>[\/vc_column_text][\/vc_column][vc_column width=&#8221;1\/3&#8243;][vc_column_text css=&#8221;&#8221;]<\/p>\n<p style=\"text-align: center;\"><strong>FACTORY SHOP &#8211; 1<\/strong><\/p>\n<p>[\/vc_column_text][\/vc_column][vc_column width=&#8221;1\/3&#8243;][vc_column_text css=&#8221;&#8221;]<\/p>\n<p style=\"text-align: center;\"><strong>FACTORY SHOP 2<\/strong><\/p>\n<p>[\/vc_column_text][\/vc_column][\/vc_row][vc_row][vc_column width=&#8221;1\/3&#8243;][vc_column_text css=&#8221;&#8221;]<iframe loading=\"lazy\" style=\"border: 0;\" src=\"https:\/\/www.google.com\/maps\/embed?pb=!1m18!1m12!1m3!1d3159.326854830784!2d32.69988037643281!3d37.641519019824045!2m3!1f0!2f0!3f0!3m2!1i1024!2i768!4f13.1!3m3!1m2!1s0x14da75909849d4ed%3A0xddebf6470eb51231!2zQmVyYmVyb8SfbHUgU8O8dCDDnHLDvG5sZXJp!5e0!3m2!1str!2str!4v1747736506290!5m2!1str!2str\" width=\"360\" height=\"300\" allowfullscreen=\"allowfullscreen\"><\/iframe>[\/vc_column_text][\/vc_column][vc_column width=&#8221;1\/3&#8243;][vc_column_text css=&#8221;&#8221;]<iframe loading=\"lazy\" style=\"border: 0;\" src=\"https:\/\/www.google.com\/maps\/embed?pb=!1m18!1m12!1m3!1d468.184304719793!2d32.540447220533295!3d37.87067744874819!2m3!1f0!2f0!3f0!3m2!1i1024!2i768!4f13.1!3m3!1m2!1s0x14d09ab44293e721%3A0xa9dabb16799796fd!2zQmVyYmVyb8SfbHUgU8O8dCBGYWJyaWthIFNhdMSxxZ8gTm9rdGFzxLEgRmV0aWggxZ51YmU!5e0!3m2!1str!2str!4v1747736723421!5m2!1str!2str\" width=\"360\" height=\"300\" allowfullscreen=\"allowfullscreen\"><\/iframe>[\/vc_column_text][\/vc_column][vc_column width=&#8221;1\/3&#8243;][vc_column_text css=&#8221;&#8221;]<iframe loading=\"lazy\" style=\"border: 0;\" src=\"https:\/\/www.google.com\/maps\/embed?pb=!1m18!1m12!1m3!1d3149.577437967473!2d32.49920467644069!3d37.87017660665787!2m3!1f0!2f0!3f0!3m2!1i1024!2i768!4f13.1!3m3!1m2!1s0x14d08546074ddd83%3A0x7a08f64b36879da2!2zQmVyYmVyb8SfbHUgU8O8dCBGYWJyaWthIFNhdMSxxZ8gTm9rdGFzxLEgQXppeml5ZSDFnnViZQ!5e0!3m2!1str!2str!4v1747736781525!5m2!1str!2str\" width=\"360\" height=\"300\" allowfullscreen=\"allowfullscreen\"><\/iframe>[\/vc_column_text][\/vc_column][\/vc_row][vc_row][vc_column width=&#8221;1\/3&#8243;][vc_column_text css=&#8221;&#8221;]\u00c7umra OSB \u0130\u00e7eri \u00c7umra Mah. 77769 sokak No: 4\/1<br \/>\n\u00c7umra \/ Konya<br \/>\n+90 332 355 39 75<br \/>\ninfo@berberoglusut.com.tr[\/vc_column_text][\/vc_column][vc_column width=&#8221;1\/3&#8243;][vc_column_text css=&#8221;&#8221;]Fetih Mah. \u0130nce Mehmet Sk. No: 4<br \/>\nKaratay \/ Konya<br \/>\n+90 332 355 3975 &#8211; 76<br \/>\ninfo@berberoglusut.com.tr[\/vc_column_text][\/vc_column][vc_column width=&#8221;1\/3&#8243;][vc_column_text css=&#8221;&#8221;]Aziziye Mah. T\u00fcrbe Sk. No: 32\/R<br \/>\nKaratay \/ Konya<br \/>\n+90 332 355 3975 &#8211; 76<br \/>\ninfo@berberoglusut.com.tr[\/vc_column_text][\/vc_column][\/vc_row]<\/p>\n<\/div>","protected":false},"excerpt":{"rendered":"<p>[vc_row][vc_column width=&#8221;1\/3&#8243;][vc_column_text css=&#8221;&#8221;] FACTORY &#8211; HEAD OFFICE [\/vc_column_text][\/vc_column][vc_column width=&#8221;1\/3&#8243;][vc_column_text css=&#8221;&#8221;] FACTORY SHOP &#8211; 1 [\/vc_column_text][\/vc_column][vc_column width=&#8221;1\/3&#8243;][vc_column_text css=&#8221;&#8221;] FACTORY SHOP 2 [\/vc_column_text][\/vc_column][\/vc_row][vc_row][vc_column width=&#8221;1\/3&#8243;][vc_column_text css=&#8221;&#8221;][\/vc_column_text][\/vc_column][vc_column width=&#8221;1\/3&#8243;][vc_column_text css=&#8221;&#8221;][\/vc_column_text][\/vc_column][vc_column width=&#8221;1\/3&#8243;][vc_column_text css=&#8221;&#8221;][\/vc_column_text][\/vc_column][\/vc_row][vc_row][vc_column width=&#8221;1\/3&#8243;][vc_column_text css=&#8221;&#8221;]\u00c7umra OSB \u0130\u00e7eri \u00c7umra Mah. 77769 sokak No: 4\/1 \u00c7umra \/ Konya &hellip;<\/p>\n","protected":false},"author":1,"featured_media":0,"parent":0,"menu_order":0,"comment_status":"closed","ping_status":"closed","template":"","meta":{"_monsterinsights_skip_tracking":false,"_monsterinsights_sitenote_active":false,"_monsterinsights_sitenote_note":"","_monsterinsights_sitenote_category":0,"footnotes":""},"class_list":["post-1482","page","type-page","status-publish","hentry"],"aioseo_notices":[],"_links":{"self":[{"href":"https:\/\/www.berberoglusut.com.tr\/en\/wp-json\/wp\/v2\/pages\/1482","targetHints":{"allow":["GET"]}}],"collection":[{"href":"https:\/\/www.berberoglusut.com.tr\/en\/wp-json\/wp\/v2\/pages"}],"about":[{"href":"https:\/\/www.berberoglusut.com.tr\/en\/wp-json\/wp\/v2\/types\/page"}],"author":[{"embeddable":true,"href":"https:\/\/www.berberoglusut.com.tr\/en\/wp-json\/wp\/v2\/users\/1"}],"replies":[{"embeddable":true,"href":"https:\/\/www.berberoglusut.com.tr\/en\/wp-json\/wp\/v2\/comments?post=1482"}],"version-history":[{"count":0,"href":"https:\/\/www.berberoglusut.com.tr\/en\/wp-json\/wp\/v2\/pages\/1482\/revisions"}],"wp:attachment":[{"href":"https:\/\/www.berberoglusut.com.tr\/en\/wp-json\/wp\/v2\/media?parent=1482"}],"curies":[{"name":"wp","href":"https:\/\/api.w.org\/{rel}","templated":true}]}}