{"id":3,"date":"2021-07-04T14:14:54","date_gmt":"2021-07-04T11:14:54","guid":{"rendered":"http:\/\/www.berberoglusut.com.tr\/tr\/?page_id=3"},"modified":"2025-05-21T19:46:59","modified_gmt":"2025-05-21T16:46:59","slug":"privacy-policy","status":"publish","type":"page","link":"https:\/\/www.berberoglusut.com.tr\/en\/privacy-policy\/","title":{"rendered":"PRIVACY POLICY"},"content":{"rendered":"<div class=\"wpb-content-wrapper\"><p>[vc_row][vc_column][vc_column_text css=&#8221;&#8221;]<\/p>\r\n<h3 class=\"wp-block-heading\"><strong>Privacy Policy and Terms of Use<\/strong><\/h3>\r\n<p class=\"ds-markdown-paragraph\">The\u00a0<strong>Terms of Use and Privacy Policy<\/strong>\u00a0outlined below have been prepared to regulate the privacy and protection of data provided by our customers on\u00a0<strong><a href=\"http:\/\/www.berberoglusut.com.tr\/\" target=\"_blank\" rel=\"noopener noreferrer\">www.berberoglusut.com.tr<\/a><\/strong>\u00a0(&#8220;the Website&#8221;) and other related matters. By visiting the Website or using any information provided herein, you agree to the following terms and conditions.<\/p>\r\n<p class=\"ds-markdown-paragraph\"><strong>BERBERO\u011eLU S\u00dcT LTD. \u015eT\u0130.<\/strong>\u00a0will not disclose, sell, rent, or make available the data provided by its customers to third parties, except where required by legal obligations (e.g., court orders).\u00a0<strong>BERBERO\u011eLU S\u00dcT LTD. \u015eT\u0130.<\/strong>\u00a0and\/or\u00a0<strong>Ya\u015far Group Companies<\/strong>\u00a0may use this information to the extent permitted and required by applicable legislation for the following and similar purposes:<\/p>\r\n<ul>\r\n<li>\r\n<p class=\"ds-markdown-paragraph\">Sending printed publications and correspondence,<\/p>\r\n<\/li>\r\n<li>\r\n<p class=\"ds-markdown-paragraph\">Transmitting press releases or announcements via email,<\/p>\r\n<\/li>\r\n<li>\r\n<p class=\"ds-markdown-paragraph\">Delivering purchased products, invoices, and\/or gifts,<\/p>\r\n<\/li>\r\n<li>\r\n<p class=\"ds-markdown-paragraph\">Informing you about campaigns and discounts.<\/p>\r\n<\/li>\r\n<\/ul>\r\n<p class=\"ds-markdown-paragraph\">Only\u00a0<strong>BERBERO\u011eLU S\u00dcT LTD. \u015eT\u0130.<\/strong>\u00a0employees and authorized representatives bound by confidentiality agreements have access to personal data.\u00a0<strong>BERBERO\u011eLU S\u00dcT LTD. \u015eT\u0130.<\/strong>\u00a0may use statistical data to improve the Website, better understand customers, and determine customer profiles without disclosing personal information. This data will not be shared with third parties. However,\u00a0<strong>BERBERO\u011eLU S\u00dcT LTD. \u015eT\u0130.<\/strong>\u00a0cannot be held liable for any damages arising from third parties accessing such information without its fault.<\/p>\r\n<p class=\"ds-markdown-paragraph\"><strong>BERBERO\u011eLU S\u00dcT LTD. \u015eT\u0130.<\/strong>\u00a0does not guarantee that other websites accessed via links on this Website will comply with the specified\u00a0<strong>Terms of Use and Privacy Policy<\/strong>. If the Website redirects to other sites, all transactions and applications on those sites will be subject to their own terms of use.\u00a0<strong>BERBERO\u011eLU S\u00dcT LTD. \u015eT\u0130.<\/strong>\u00a0is not responsible for any disputes, material or moral damages, or losses arising from the use of information on third-party websites accessed via ads, banners, content reviews, or any other means, including their ethical rules, privacy-security policies, service quality, or other practices.<\/p>\r\n<p class=\"ds-markdown-paragraph\">Customers acknowledge that all orders are subject to\u00a0<strong>BERBERO\u011eLU S\u00dcT LTD. \u015eT\u0130.<\/strong>&#8216;s approval and that the company cannot be held liable for orders that cannot be fulfilled, including rejected orders.<\/p>\r\n<p class=\"ds-markdown-paragraph\">No explicit or implicit warranties are provided regarding the information and content (including directly or indirectly used elements) offered through the Website. Comments and information shared on the Website do not constitute reliable advice. You are solely responsible for decisions made based on the information and opinions on the Website; therefore, we accept no liability for any errors or omissions.<\/p>\r\n<p class=\"ds-markdown-paragraph\"><strong>BERBERO\u011eLU S\u00dcT LTD. \u015eT\u0130.<\/strong>\u00a0reserves all intellectual and industrial property rights related to the arrangement and use (partial or complete) of all information and content on the Website (excluding third-party content). Modifying, copying, reproducing, translating, republishing, uploading to another computer, transmitting, presenting, or distributing any material (including codes and software) without prior written permission and proper attribution is prohibited. Unauthorized use of the entire Website or any part on another website is forbidden. Violations may result in legal and criminal liability.\u00a0<strong>BERBERO\u011eLU S\u00dcT LTD. \u015eT\u0130.<\/strong>\u00a0reserves all rights not expressly stated herein.<\/p>\r\n<p class=\"ds-markdown-paragraph\">By registering on the Website, customers accept that:<\/p>\r\n<ul>\r\n<li>\r\n<p class=\"ds-markdown-paragraph\">They are solely responsible for all transactions made via their assigned username or registered email address,<\/p>\r\n<\/li>\r\n<li>\r\n<p class=\"ds-markdown-paragraph\">Only one email address can be linked to each username,<\/p>\r\n<\/li>\r\n<li>\r\n<p class=\"ds-markdown-paragraph\">This email address cannot be changed unless a new user account is created.<\/p>\r\n<\/li>\r\n<\/ul>\r\n<p class=\"ds-markdown-paragraph\">If a user forgets their password,\u00a0<strong>BERBERO\u011eLU S\u00dcT LTD. \u015eT\u0130.<\/strong>\u00a0will send a password reset link to the registered email upon request. Creating and protecting the password is entirely the user&#8217;s responsibility;\u00a0<strong>BERBERO\u011eLU S\u00dcT LTD. \u015eT\u0130.<\/strong>\u00a0is not liable for any issues or damages arising from password use.<\/p>\r\n<p class=\"ds-markdown-paragraph\"><strong>BERBERO\u011eLU S\u00dcT LTD. \u015eT\u0130.<\/strong>\u00a0may temporarily suspend or permanently terminate the system without liability to users or third parties.<\/p>\r\n<p class=\"ds-markdown-paragraph\"><strong>BERBERO\u011eLU S\u00dcT LTD. \u015eT\u0130.<\/strong>\u00a0reserves the right to back up or delete files and messages uploaded by users at its discretion and accepts no responsibility for such actions.<\/p>\r\n<p class=\"ds-markdown-paragraph\"><strong>BERBERO\u011eLU S\u00dcT LTD. \u015eT\u0130.<\/strong>\u00a0may modify the\u00a0<strong>Terms of Use and Privacy Policy<\/strong>\u00a0to comply with future technical requirements or legal regulations. Please check these terms regularly. Continued use of the Website constitutes acceptance of changes. If you do not agree, please discontinue use.<\/p>\r\n<p class=\"ds-markdown-paragraph\">No guarantee is provided that the Website is free of viruses or errors. Users are responsible for installing appropriate antivirus software.<\/p>\r\n<p class=\"ds-markdown-paragraph\"><strong>BERBERO\u011eLU S\u00dcT LTD. \u015eT\u0130.<\/strong>\u00a0is not liable for any direct, special, indirect, or incidental damages arising from the use (or non-use) of the Website, linked sites, or published materials.<\/p>\r\n<p class=\"ds-markdown-paragraph\">For further information, contact\u00a0<strong>BERBERO\u011eLU S\u00dcT LTD. \u015eT\u0130.<\/strong>\u00a0at\u00a0<strong>+90 332 355 39 75<\/strong>\u00a0or email\u00a0<strong><a href=\"https:\/\/mailto:info@berberoglusut.com.tr\/\" target=\"_blank\" rel=\"noopener noreferrer\">info@berberoglusut.com.tr<\/a><\/strong>.<\/p>\r\n<p>[\/vc_column_text][\/vc_column][\/vc_row]<\/p><\/div>","protected":false},"excerpt":{"rendered":"<p>[vc_row][vc_column][vc_column_text css=&#8221;&#8221;] Privacy Policy and Terms of Use The\u00a0Terms of Use and Privacy Policy\u00a0outlined below have been prepared to regulate the privacy and protection of data provided by our customers on\u00a0www.berberoglusut.com.tr\u00a0(&#8220;the Website&#8221;) and other related matters. By visiting the Website &hellip;<\/p>\n","protected":false},"author":1,"featured_media":0,"parent":0,"menu_order":0,"comment_status":"closed","ping_status":"open","template":"","meta":{"_monsterinsights_skip_tracking":false,"_monsterinsights_sitenote_active":false,"_monsterinsights_sitenote_note":"","_monsterinsights_sitenote_category":0,"footnotes":""},"class_list":["post-3","page","type-page","status-publish","hentry"],"aioseo_notices":[],"_links":{"self":[{"href":"https:\/\/www.berberoglusut.com.tr\/en\/wp-json\/wp\/v2\/pages\/3","targetHints":{"allow":["GET"]}}],"collection":[{"href":"https:\/\/www.berberoglusut.com.tr\/en\/wp-json\/wp\/v2\/pages"}],"about":[{"href":"https:\/\/www.berberoglusut.com.tr\/en\/wp-json\/wp\/v2\/types\/page"}],"author":[{"embeddable":true,"href":"https:\/\/www.berberoglusut.com.tr\/en\/wp-json\/wp\/v2\/users\/1"}],"replies":[{"embeddable":true,"href":"https:\/\/www.berberoglusut.com.tr\/en\/wp-json\/wp\/v2\/comments?post=3"}],"version-history":[{"count":0,"href":"https:\/\/www.berberoglusut.com.tr\/en\/wp-json\/wp\/v2\/pages\/3\/revisions"}],"wp:attachment":[{"href":"https:\/\/www.berberoglusut.com.tr\/en\/wp-json\/wp\/v2\/media?parent=3"}],"curies":[{"name":"wp","href":"https:\/\/api.w.org\/{rel}","templated":true}]}}